{"id":2118,"date":"2014-06-06T16:41:27","date_gmt":"2014-06-06T14:41:27","guid":{"rendered":"https:\/\/moor.intewo.mobi\/?page_id=2118"},"modified":"2019-11-20T18:30:43","modified_gmt":"2019-11-20T17:30:43","slug":"meile-graf","status":"publish","type":"page","link":"https:\/\/moor.intewo.mobi\/?page_id=2118","title":{"rendered":"Meile Graf"},"content":{"rendered":"<p><\/p>\n<p style=\"color: #666666;\">Der Landesherr Graf Simon August zur Lippe und der Begr\u00fcnder des Kurbetriebes Dr. Trampel waren die F\u00f6rderer des Kurparks. Die Entstehung des historischen Kurparks geht auf eine 1767 gefertigte Planskizze zur\u00fcck, die aus der Hand des Oberf\u00f6rsters Feige stammt. Nachdem 1768 \u00fcber der Quelle das erste Brunnenhaus auf einem achteckigen Grundriss entstand, begann man mit der planm\u00e4\u00dfigen Anlage eines \u201eBrunnenplatzes\u201d. Mit dem Brunnenhaus als Mittelpunkt, wurde eine quadratische Fl\u00e4che von 250 x 250 m abgemessen und sternf\u00f6rmig durch ein System aus kreuzf\u00f6rmigen Alleen und diagonalen Heckenwegen gegliedert. Die Kreuzalleen bepflanzte man mit Linden und Rosskastanien, die diagonalen Wege und die \u00e4u\u00dfere Einfassung des gesamten Platzes mit Hainbuchenhecken. Aus dem f\u00fcrstlichen Schlossgarten in Brake stammten zw\u00f6lf Skulpturen, die an den Eckpunkten der Heckenwege und um das Brunnenhaus herum aufgestellt waren. Die Werre, die das Gel\u00e4nde in vielen Kr\u00fcmmungen durchfloss, wurde begradigt. Als Verl\u00e4ngerung der kreuzf\u00f6rmigen Alleen f\u00fchrte nach Westen eine weitere Allee durch das Dorf.<\/p>\n<p style=\"color: #666666;\">Ende der f\u00fcnfziger Jahre des 20. Jahrhunderts wurde in Bad Meinberg \u00fcber eine Erweiterung der Parkanlagen nachgedacht. Die drei vorhandenen \u2013 der historische, der Seekurpark und der Bergkurgarten \u2013 reichten aufgrund der enorm ansteigenden Kurgastzahlen nicht mehr aus. Der Landesforstmeister Dr. Arnold Splettst\u00f6\u00dfer hatte den Gedanken, einen f\u00fcr Deutschland ganz neuartigen Kurpark zu schaffen, einen L\u00e4nderwaldpark, geordnet nach unterschiedlichen Landschaften der Erde. Die B\u00e4ume wurden in einer weitl\u00e4ufigen Gr\u00fcnlandschaft angepflanzt. Dr. Splettst\u00f6\u00dfers Ziel war es, m\u00f6glichst viele fremde Geh\u00f6lze in diesem Park zusammenzutragen, um die Vertr\u00e4glichkeit und die Vitalit\u00e4t der verschiedenen Arten in unserer Region nachzuweisen. Diese Welt der B\u00e4ume erreichen Sie \u00fcber den Seekurpark.<\/p>\n<p><\/p>","protected":false},"excerpt":{"rendered":"<p>Der Landesherr Graf Simon August zur Lippe und der Begr\u00fcnder des Kurbetriebes Dr. Trampel waren die F\u00f6rderer des Kurparks. Die Entstehung des historischen Kurparks geht auf eine 1767 gefertigte Planskizze zur\u00fcck, die aus der Hand des Oberf\u00f6rsters Feige stammt. Nachdem 1768 \u00fcber der Quelle das erste Brunnenhaus auf einem achteckigen Grundriss entstand, begann man mit &hellip; <\/p>\n<p class=\"link-more\"><a href=\"https:\/\/moor.intewo.mobi\/?page_id=2118\" class=\"more-link\"><span class=\"screen-reader-text\">\u201eMeile Graf\u201c<\/span> weiterlesen<\/a><\/p>\n","protected":false},"author":1,"featured_media":0,"parent":0,"menu_order":0,"comment_status":"open","ping_status":"closed","template":"","meta":{"ngg_post_thumbnail":0,"footnotes":""},"class_list":["post-2118","page","type-page","status-publish","hentry"],"_links":{"self":[{"href":"https:\/\/moor.intewo.mobi\/index.php?rest_route=\/wp\/v2\/pages\/2118","targetHints":{"allow":["GET"]}}],"collection":[{"href":"https:\/\/moor.intewo.mobi\/index.php?rest_route=\/wp\/v2\/pages"}],"about":[{"href":"https:\/\/moor.intewo.mobi\/index.php?rest_route=\/wp\/v2\/types\/page"}],"author":[{"embeddable":true,"href":"https:\/\/moor.intewo.mobi\/index.php?rest_route=\/wp\/v2\/users\/1"}],"replies":[{"embeddable":true,"href":"https:\/\/moor.intewo.mobi\/index.php?rest_route=%2Fwp%2Fv2%2Fcomments&post=2118"}],"version-history":[{"count":9,"href":"https:\/\/moor.intewo.mobi\/index.php?rest_route=\/wp\/v2\/pages\/2118\/revisions"}],"predecessor-version":[{"id":2228,"href":"https:\/\/moor.intewo.mobi\/index.php?rest_route=\/wp\/v2\/pages\/2118\/revisions\/2228"}],"wp:attachment":[{"href":"https:\/\/moor.intewo.mobi\/index.php?rest_route=%2Fwp%2Fv2%2Fmedia&parent=2118"}],"curies":[{"name":"wp","href":"https:\/\/api.w.org\/{rel}","templated":true}]}}