{"id":2116,"date":"2014-06-06T16:40:59","date_gmt":"2014-06-06T14:40:59","guid":{"rendered":"https:\/\/moor.intewo.mobi\/?page_id=2116"},"modified":"2019-11-20T18:30:43","modified_gmt":"2019-11-20T17:30:43","slug":"meile-stern","status":"publish","type":"page","link":"https:\/\/moor.intewo.mobi\/?page_id=2116","title":{"rendered":"Meile Stern"},"content":{"rendered":"<p><\/p>\n<p style=\"color: #666666;\">Das \u201eTrampelische Haus\u201c (heute \u201eVitalhotel zum Stern&#8220;), wurde 1770 fertiggestellt, 1799 von der Regierung k\u00e4uflich erworben und bis zum Jahre 1803 \u201eNeues Herrschaftliches Haus\u201c benannt, um dann seinen heutigen, traditionsreichen Namen \u201eZum Stern\u201c zu erhalten. Seit 1763 wurden Fremde und Brunneng\u00e4ste im ehemaligen \u201eTrampelschen Haus\u201d, in der Anstalt f\u00fcr Dunstb\u00e4der, nach allen Regeln der Kunst verw\u00f6hnt. Am Anfang war jedoch nur der Brunnen. Wirtschaftliche Bedeutung hatte das Heilwasser f\u00fcr die damaligen Bewohner Meinbergs noch nicht. Der Gesundbrunnen wurde nur von den Bauern gebraucht. Der Stellenwert des Brunnens \u00e4nderte sich erst mit der Unternehmerpers\u00f6nlichkeit Dr. med. Johann Erhard Trampel.<\/p>\n<p style=\"color: #666666;\">Das Stern-Gesundheits-Zentrum ist zwar an das Vitalhotel zum Stern angebunden und wird von deren G\u00e4sten gerne genutzt, steht aber jedem offen, der professionellen Service f\u00fcr seine Gesundheit und sein Wohlbefinden sucht. Im gleichen Geb\u00e4ude befindet sich Deutschlands einzige Seniorenuniversit\u00e4t sowie die Kurverwaltung des Staatsbades Meinberg. Hier werden die Kurangebote entwickelt, Anwendungen terminiert, Veranstaltungen geplant und Kunstausstellungen organisiert.<\/p>\n<p style=\"color: #666666;\">Gegen\u00fcber dem sogenannten \u201eStern\u201c liegt der Berggarten. Mit seiner Anlage wurde 1928 als Erweiterung des Kurparks begonnen. Der Gestaltungsplan des 3 ha gro\u00dfen Gel\u00e4ndes stammt von dem Bielefelder Gartenarchitekten Pieper, die Ausf\u00fchrung lag beim Gartenmeister Hermann Niemeyer. Die Anlage, die am n\u00f6rdlichen Ortsrand von Bad Meinberg gelegen ist, umfasst einen s\u00fcdlichen, tiefer gelegenen geometrischen und einen n\u00f6rdlichen, h\u00f6her gelegenen, landschaftlichen Teil. Den unteren Teil des Parks dominiert eine zentrale Treppenanlage, die den S\u00fcdhang in mehrere Terrassen gliedert. Die Mittelachse des Parks war urspr\u00fcnglich auf die als \u201eSchl\u00f6sschen\u201c oder \u201eSchloss\u201c bezeichnete Villa des lippischen Grafen Leopold ausgerichtet. Dieses Geb\u00e4ude wurde im Jahr 1962 abgerissen. Urspr\u00fcnglich existierte eine direkte Verbindung zwischen dem Berggarten und dem s\u00fcdlich gelegenen, historischen Kurpark. Diese wurde 1986 durch ein neu errichtetes Nebengeb\u00e4ude des Kurhotels \u201cZum Stern\u201d unterbrochen, im unteren Teil des Gartens wurde eine Tiefgarage eingebaut. Anstelle der dort befindlichen Tennispl\u00e4tze wurde 2000 ein \u201eGarten der Sinne\u201c angelegt. Der landschaftliche Teil wird durch einen Rundweg erschlossen. Den n\u00f6rdlichen Abschluss des Parks bildet eine offene Wetterschutzh\u00fctte, von der aus die gesamte Anlage \u00fcberblickt werden kann.<\/p>\n<p><\/p>","protected":false},"excerpt":{"rendered":"<p>Das \u201eTrampelische Haus\u201c (heute \u201eVitalhotel zum Stern&#8220;), wurde 1770 fertiggestellt, 1799 von der Regierung k\u00e4uflich erworben und bis zum Jahre 1803 \u201eNeues Herrschaftliches Haus\u201c benannt, um dann seinen heutigen, traditionsreichen Namen \u201eZum Stern\u201c zu erhalten. Seit 1763 wurden Fremde und Brunneng\u00e4ste im ehemaligen \u201eTrampelschen Haus\u201d, in der Anstalt f\u00fcr Dunstb\u00e4der, nach allen Regeln der Kunst &hellip; <\/p>\n<p class=\"link-more\"><a href=\"https:\/\/moor.intewo.mobi\/?page_id=2116\" class=\"more-link\"><span class=\"screen-reader-text\">\u201eMeile Stern\u201c<\/span> weiterlesen<\/a><\/p>\n","protected":false},"author":1,"featured_media":0,"parent":0,"menu_order":0,"comment_status":"open","ping_status":"closed","template":"","meta":{"ngg_post_thumbnail":0,"footnotes":""},"class_list":["post-2116","page","type-page","status-publish","hentry"],"_links":{"self":[{"href":"https:\/\/moor.intewo.mobi\/index.php?rest_route=\/wp\/v2\/pages\/2116","targetHints":{"allow":["GET"]}}],"collection":[{"href":"https:\/\/moor.intewo.mobi\/index.php?rest_route=\/wp\/v2\/pages"}],"about":[{"href":"https:\/\/moor.intewo.mobi\/index.php?rest_route=\/wp\/v2\/types\/page"}],"author":[{"embeddable":true,"href":"https:\/\/moor.intewo.mobi\/index.php?rest_route=\/wp\/v2\/users\/1"}],"replies":[{"embeddable":true,"href":"https:\/\/moor.intewo.mobi\/index.php?rest_route=%2Fwp%2Fv2%2Fcomments&post=2116"}],"version-history":[{"count":10,"href":"https:\/\/moor.intewo.mobi\/index.php?rest_route=\/wp\/v2\/pages\/2116\/revisions"}],"predecessor-version":[{"id":2251,"href":"https:\/\/moor.intewo.mobi\/index.php?rest_route=\/wp\/v2\/pages\/2116\/revisions\/2251"}],"wp:attachment":[{"href":"https:\/\/moor.intewo.mobi\/index.php?rest_route=%2Fwp%2Fv2%2Fmedia&parent=2116"}],"curies":[{"name":"wp","href":"https:\/\/api.w.org\/{rel}","templated":true}]}}