{"id":2114,"date":"2014-06-06T16:40:14","date_gmt":"2014-06-06T14:40:14","guid":{"rendered":"https:\/\/moor.intewo.mobi\/?page_id=2114"},"modified":"2019-11-20T18:30:43","modified_gmt":"2019-11-20T17:30:43","slug":"meile-kaiser","status":"publish","type":"page","link":"https:\/\/moor.intewo.mobi\/?page_id=2114","title":{"rendered":"Meile Kaiser"},"content":{"rendered":"<p><\/p>\n<p style=\"color: #666666;\">Am 22. M\u00e4rz 1897 wurde auf Initiative des Kriegsvereins zur Erinnerung an den 100. Geburtstag des Kaisers Wilhelm I. dieses Denkmal eingeweiht \u2013 \u00fcbrigens das erste im Lipperland. 1875 weihte der Kaiser das Hermannsdenkmal in Detmold ein. Dort findet man folgende Inschrift: \u201eAm 17. Juli 1870 erkl\u00e4rte Frankreichs Kaiser, Louis Napoleon, Preu\u00dfen den Krieg, da erstunden alle Volksst\u00e4mme Deutschlands und z\u00fcchtigten von August 1870 bis Januar 1871 immer siegreich franz\u00f6sischen \u00dcbermut unter F\u00fchrung K\u00f6nig Wilhelms von Preu\u00dfen, den das deutsche Volk am 18. Januar zu seinem Kaiser erkor.\u201c Hier in der Brunnenstra\u00dfe erinnert dieses Denkmal auch an die drei Meinberger, die im Krieg 1870\/71 gefallen sind.<\/p>\n<p style=\"color: #666666;\">Auf Ihrem Weg durch Bad Meinberg k\u00f6nnen Sie elf weitere Denkm\u00e4ler finden. Am Ende der Krummen Stra\u00dfe erhalten Sie in der Touristinformation einen Wegweiser vom Verein \u201e1000 Jahre Meinberg e.V.\u201c. Meynburghun wurde 978 erstmals urkundlich erw\u00e4hnt. Entdecken Sie Geschichte und wandern Sie von Denkmal zu Denkmal: Auf Ihrem Weg rund um die Sonnenuhr begegnen Ihnen u.a. ein Graf, ein Grafregent, eine F\u00fcrstin, der Kaiser, sowie Neptun und die Badefrau.<\/p>\n<p><\/p>","protected":false},"excerpt":{"rendered":"<p>Am 22. M\u00e4rz 1897 wurde auf Initiative des Kriegsvereins zur Erinnerung an den 100. Geburtstag des Kaisers Wilhelm I. dieses Denkmal eingeweiht \u2013 \u00fcbrigens das erste im Lipperland. 1875 weihte der Kaiser das Hermannsdenkmal in Detmold ein. Dort findet man folgende Inschrift: \u201eAm 17. Juli 1870 erkl\u00e4rte Frankreichs Kaiser, Louis Napoleon, Preu\u00dfen den Krieg, da &hellip; <\/p>\n<p class=\"link-more\"><a href=\"https:\/\/moor.intewo.mobi\/?page_id=2114\" class=\"more-link\"><span class=\"screen-reader-text\">\u201eMeile Kaiser\u201c<\/span> weiterlesen<\/a><\/p>\n","protected":false},"author":1,"featured_media":0,"parent":0,"menu_order":0,"comment_status":"open","ping_status":"closed","template":"","meta":{"ngg_post_thumbnail":0,"footnotes":""},"class_list":["post-2114","page","type-page","status-publish","hentry"],"_links":{"self":[{"href":"https:\/\/moor.intewo.mobi\/index.php?rest_route=\/wp\/v2\/pages\/2114","targetHints":{"allow":["GET"]}}],"collection":[{"href":"https:\/\/moor.intewo.mobi\/index.php?rest_route=\/wp\/v2\/pages"}],"about":[{"href":"https:\/\/moor.intewo.mobi\/index.php?rest_route=\/wp\/v2\/types\/page"}],"author":[{"embeddable":true,"href":"https:\/\/moor.intewo.mobi\/index.php?rest_route=\/wp\/v2\/users\/1"}],"replies":[{"embeddable":true,"href":"https:\/\/moor.intewo.mobi\/index.php?rest_route=%2Fwp%2Fv2%2Fcomments&post=2114"}],"version-history":[{"count":10,"href":"https:\/\/moor.intewo.mobi\/index.php?rest_route=\/wp\/v2\/pages\/2114\/revisions"}],"predecessor-version":[{"id":2250,"href":"https:\/\/moor.intewo.mobi\/index.php?rest_route=\/wp\/v2\/pages\/2114\/revisions\/2250"}],"wp:attachment":[{"href":"https:\/\/moor.intewo.mobi\/index.php?rest_route=%2Fwp%2Fv2%2Fmedia&parent=2114"}],"curies":[{"name":"wp","href":"https:\/\/api.w.org\/{rel}","templated":true}]}}