{"id":2110,"date":"2014-06-06T16:39:04","date_gmt":"2014-06-06T14:39:04","guid":{"rendered":"https:\/\/moor.intewo.mobi\/?page_id=2110"},"modified":"2019-11-20T18:30:43","modified_gmt":"2019-11-20T17:30:43","slug":"moor-pipeline","status":"publish","type":"page","link":"https:\/\/moor.intewo.mobi\/?page_id=2110","title":{"rendered":"Moor-Pipeline"},"content":{"rendered":"<p style=\"color: #666666;\">Das mit Mineralwasser angereicherte schwefelhaltige Heilmoor wird von der Lagerst\u00e4tte am Moorstich \u201eStinkebrink\u201c mit einem Rohleitungssystem, einer Moor-Pipeline, zu den jeweiligen Gesundheitseinrichtungen im Bad Meinberger Stadtgebiet gepumpt. Mit dieser Pipeline, die zu den angeschlossenen Einrichtungen, der Rose Klinik und dem Stern Gesundheitszentrum, f\u00fchrt, wird so der st\u00e4ndige Zulauf von frisch abgebautem Moor f\u00fcr die verschiedenen Anwendungskuren (z.B. Moorbad) sichergestellt. Die R\u00fcckf\u00fchrung des genutzten Moor-Wasser-Gemisches in die Lagerst\u00e4tte erfolgt ebenfalls \u00fcber ein Moor-Pipeline-System. Nach ca. 15 Jahren hat sich das r\u00fcckgef\u00fchrte Gemisch wieder so gut regeneriert und erneuert, dass es wieder genutzt werden kann. Das Moor-Pipeline-System macht diesen effektiven Kreislauf perfekt.<\/p>\n<p style=\"color: #666666;\">Hier am Moorstich verl\u00e4uft die Pipeline oberirdisch. Neben dem sichtbaren Teil der Pipeline verlaufen weite Teilst\u00fccke der Rohrleitungen auf ihrem Weg zu den Badeeinrichtungen unterirdisch.<\/p>\n","protected":false},"excerpt":{"rendered":"<p>Das mit Mineralwasser angereicherte schwefelhaltige Heilmoor wird von der Lagerst\u00e4tte am Moorstich \u201eStinkebrink\u201c mit einem Rohleitungssystem, einer Moor-Pipeline, zu den jeweiligen Gesundheitseinrichtungen im Bad Meinberger Stadtgebiet gepumpt. Mit dieser Pipeline, die zu den angeschlossenen Einrichtungen, der Rose Klinik und dem Stern Gesundheitszentrum, f\u00fchrt, wird so der st\u00e4ndige Zulauf von frisch abgebautem Moor f\u00fcr die verschiedenen &hellip; <\/p>\n<p class=\"link-more\"><a href=\"https:\/\/moor.intewo.mobi\/?page_id=2110\" class=\"more-link\"><span class=\"screen-reader-text\">\u201eMoor-Pipeline\u201c<\/span> weiterlesen<\/a><\/p>\n","protected":false},"author":1,"featured_media":2077,"parent":0,"menu_order":0,"comment_status":"open","ping_status":"open","template":"","meta":{"ngg_post_thumbnail":0,"footnotes":""},"class_list":["post-2110","page","type-page","status-publish","has-post-thumbnail","hentry"],"_links":{"self":[{"href":"https:\/\/moor.intewo.mobi\/index.php?rest_route=\/wp\/v2\/pages\/2110","targetHints":{"allow":["GET"]}}],"collection":[{"href":"https:\/\/moor.intewo.mobi\/index.php?rest_route=\/wp\/v2\/pages"}],"about":[{"href":"https:\/\/moor.intewo.mobi\/index.php?rest_route=\/wp\/v2\/types\/page"}],"author":[{"embeddable":true,"href":"https:\/\/moor.intewo.mobi\/index.php?rest_route=\/wp\/v2\/users\/1"}],"replies":[{"embeddable":true,"href":"https:\/\/moor.intewo.mobi\/index.php?rest_route=%2Fwp%2Fv2%2Fcomments&post=2110"}],"version-history":[{"count":4,"href":"https:\/\/moor.intewo.mobi\/index.php?rest_route=\/wp\/v2\/pages\/2110\/revisions"}],"predecessor-version":[{"id":2244,"href":"https:\/\/moor.intewo.mobi\/index.php?rest_route=\/wp\/v2\/pages\/2110\/revisions\/2244"}],"wp:featuredmedia":[{"embeddable":true,"href":"https:\/\/moor.intewo.mobi\/index.php?rest_route=\/wp\/v2\/media\/2077"}],"wp:attachment":[{"href":"https:\/\/moor.intewo.mobi\/index.php?rest_route=%2Fwp%2Fv2%2Fmedia&parent=2110"}],"curies":[{"name":"wp","href":"https:\/\/api.w.org\/{rel}","templated":true}]}}