{"id":2108,"date":"2014-06-06T16:38:31","date_gmt":"2014-06-06T14:38:31","guid":{"rendered":"https:\/\/moor.intewo.mobi\/?page_id=2108"},"modified":"2019-11-20T18:30:43","modified_gmt":"2019-11-20T17:30:43","slug":"buchenwald-2","status":"publish","type":"page","link":"https:\/\/moor.intewo.mobi\/?page_id=2108","title":{"rendered":"Buchenwald"},"content":{"rendered":"<p style=\"color: #666666;\">Parallel zum Tal der Napte und bis an das anschlie\u00dfende Wohngebiet findet sich hier ein ca. 5 ha gro\u00dfer Buchenwald. Buchenw\u00e4lder sind die wichtigsten und am weitesten verbreiteten Waldgesellschaften in Mitteleuropa. Ohne den Einfluss des Menschen w\u00e4ren noch heute weite Teile Mitteleuropas von Buchenw\u00e4ldern oder Buchenmischw\u00e4ldern bedeckt. Naturnah verbliebene Restbest\u00e4nde der Buchenw\u00e4lder, die nicht durch den Menschen bewirtschaftet werden und sich selbst \u00fcberlassen sind, sind von besonderer Bedeutung.<\/p>\n<p style=\"color: #666666;\">Die luftfeuchtigkeitsliebende Buche ben\u00f6tigt bodenfrische und gut durchwurzelbare B\u00f6den f\u00fcr ihr Wachstum, welches sich w\u00e4hrend der kompletten Lebensdauer fortsetzt. Die auch \u201eMutter des Waldes\u201c genannte Buche kann bis zu 40 Meter hoch werden und bietet zahlreichen Tierarten Schutz und Heimat.<\/p>\n<p style=\"color: #666666;\">Allein rund 70 heimische Vogelarten sind auf den Buchenwald als Lebensraum angewiesen. Eine Besonderheit ist der Schwarzspecht, der gerne in alten Buchen seine fu\u00dfballgro\u00dfen Bruth\u00f6hlen anlegt. Seine Baut\u00e4tigkeit ist f\u00fcr viele weitere Arten von gro\u00dfer Bedeutung. Hierin zeigt sich, wie sehr verkn\u00fcpft manche Lebensgesellschaften sind:\u00a0 Hohltauben, Siebenschl\u00e4fer und Flederm\u00e4use nutzen die verlassenen H\u00f6hlen des Schwarzspechtes als \u201eNachmieter\u201c. Aber auch Buchfink, Waldlaubs\u00e4nger und Zwergschn\u00e4pper sind im Buchenwald zu Hause.<\/p>\n<p style=\"color: #666666;\">Auch wenn Buchenw\u00e4lder auf den ersten Blick vielleicht unspektakul\u00e4r erscheinen, sind sie doch aus Sicht des Naturschutzes von einzigartiger Bedeutung und ebenso wertvoll wie beispielsweise die Bergw\u00e4lder der Alpen oder das Wattenmeer. Daher sind Buchenw\u00e4lder nicht zu Unrecht ein bedeutsames Naturerbe und finden sich auf der Liste schutzw\u00fcrdiger Lebensr\u00e4ume.<\/p>\n","protected":false},"excerpt":{"rendered":"<p>Parallel zum Tal der Napte und bis an das anschlie\u00dfende Wohngebiet findet sich hier ein ca. 5 ha gro\u00dfer Buchenwald. Buchenw\u00e4lder sind die wichtigsten und am weitesten verbreiteten Waldgesellschaften in Mitteleuropa. Ohne den Einfluss des Menschen w\u00e4ren noch heute weite Teile Mitteleuropas von Buchenw\u00e4ldern oder Buchenmischw\u00e4ldern bedeckt. Naturnah verbliebene Restbest\u00e4nde der Buchenw\u00e4lder, die nicht durch &hellip; <\/p>\n<p class=\"link-more\"><a href=\"https:\/\/moor.intewo.mobi\/?page_id=2108\" class=\"more-link\"><span class=\"screen-reader-text\">\u201eBuchenwald\u201c<\/span> weiterlesen<\/a><\/p>\n","protected":false},"author":1,"featured_media":2078,"parent":0,"menu_order":0,"comment_status":"open","ping_status":"open","template":"","meta":{"ngg_post_thumbnail":0,"footnotes":""},"class_list":["post-2108","page","type-page","status-publish","has-post-thumbnail","hentry"],"_links":{"self":[{"href":"https:\/\/moor.intewo.mobi\/index.php?rest_route=\/wp\/v2\/pages\/2108","targetHints":{"allow":["GET"]}}],"collection":[{"href":"https:\/\/moor.intewo.mobi\/index.php?rest_route=\/wp\/v2\/pages"}],"about":[{"href":"https:\/\/moor.intewo.mobi\/index.php?rest_route=\/wp\/v2\/types\/page"}],"author":[{"embeddable":true,"href":"https:\/\/moor.intewo.mobi\/index.php?rest_route=\/wp\/v2\/users\/1"}],"replies":[{"embeddable":true,"href":"https:\/\/moor.intewo.mobi\/index.php?rest_route=%2Fwp%2Fv2%2Fcomments&post=2108"}],"version-history":[{"count":4,"href":"https:\/\/moor.intewo.mobi\/index.php?rest_route=\/wp\/v2\/pages\/2108\/revisions"}],"predecessor-version":[{"id":2236,"href":"https:\/\/moor.intewo.mobi\/index.php?rest_route=\/wp\/v2\/pages\/2108\/revisions\/2236"}],"wp:featuredmedia":[{"embeddable":true,"href":"https:\/\/moor.intewo.mobi\/index.php?rest_route=\/wp\/v2\/media\/2078"}],"wp:attachment":[{"href":"https:\/\/moor.intewo.mobi\/index.php?rest_route=%2Fwp%2Fv2%2Fmedia&parent=2108"}],"curies":[{"name":"wp","href":"https:\/\/api.w.org\/{rel}","templated":true}]}}