{"id":2106,"date":"2014-06-06T16:38:09","date_gmt":"2014-06-06T14:38:09","guid":{"rendered":"https:\/\/moor.intewo.mobi\/?page_id=2106"},"modified":"2019-11-20T18:22:49","modified_gmt":"2019-11-20T17:22:49","slug":"bachtal-2","status":"publish","type":"page","link":"https:\/\/moor.intewo.mobi\/?page_id=2106","title":{"rendered":"Bachtal"},"content":{"rendered":"<p style=\"color: #666666;\">Hier im Buchenwald, von au\u00dfen schwer zu erkennen, hat sich ein pr\u00e4chtiges Bachtal entwickelt. Die Entstehung dieses Bachtals ist begr\u00fcndet in der Quelle des Baches Napte, dessen Wasser in unmittelbarer N\u00e4he zu Tage tritt und im Laufe von vielen hundert Jahren das Tal durch Erosion geformt hat. Tief in die Landschaft eingeschnitten, mit zum Teil steilen H\u00e4ngen und einem ebenen Talboden findet sich hier ein schutzw\u00fcrdiger und besonderer Lebensraum. In diesem Bereich flie\u00dft die Napte vom Menschen unber\u00fchrt in ihrem nat\u00fcrlichen Flussbett. Dies ist unter anderem anhand der M\u00e4andrierung und der deutlich ausgebildeten Gleit- und Prallh\u00e4nge zu erkennen.<\/p>\n<p style=\"color: #666666;\">Das Bachtal ist Teil des Naturschutzgebiets \u201eNorderteich mit Naptetal\u201c. Das Naturschutzgebiet reicht von der Quellregion der Napte, einschlie\u00dflich des Gebiets rund um den Norderteich nahe der Ortschaft Billerbeck, bis kurz vor die M\u00fcndung der Napte in die Emmer. Insgesamt hat das Naturschutzgebiet eine Gr\u00f6\u00dfe von ca. 260 ha und der Talraum der Napte steht auf einer L\u00e4nge von ca. 8 Kilometern unter Schutz.<\/p>\n<p style=\"color: #666666;\">Die Kernzone dieses Schutzgebiets bildet der Norderteich, ein k\u00fcnstliches Stillgew\u00e4sser mit einer offenen, gro\u00dfen Wasserfl\u00e4che, der in die Napte entw\u00e4ssert. Der Norderteich, wenige Kilometer \u00f6stlich von Bad Meinberg, ist nicht nur ein Refugium f\u00fcr seltene Flora und Fauna, sondern auch ein beliebtes Ausflugs- und Wanderziel. Bereits im Jahr 1115 wurde der See urkundlich erw\u00e4hnt. Seit Jahrhunderten wird der See durch Fischerei genutzt. Der See ist \u00fcbrigens das \u00e4lteste Naturschutzgebiet im Kreis Lippe.<\/p>\n","protected":false},"excerpt":{"rendered":"<p>Hier im Buchenwald, von au\u00dfen schwer zu erkennen, hat sich ein pr\u00e4chtiges Bachtal entwickelt. Die Entstehung dieses Bachtals ist begr\u00fcndet in der Quelle des Baches Napte, dessen Wasser in unmittelbarer N\u00e4he zu Tage tritt und im Laufe von vielen hundert Jahren das Tal durch Erosion geformt hat. Tief in die Landschaft eingeschnitten, mit zum Teil &hellip; <\/p>\n<p class=\"link-more\"><a href=\"https:\/\/moor.intewo.mobi\/?page_id=2106\" class=\"more-link\"><span class=\"screen-reader-text\">\u201eBachtal\u201c<\/span> weiterlesen<\/a><\/p>\n","protected":false},"author":1,"featured_media":2079,"parent":0,"menu_order":0,"comment_status":"open","ping_status":"open","template":"","meta":{"ngg_post_thumbnail":0,"footnotes":""},"class_list":["post-2106","page","type-page","status-publish","has-post-thumbnail","hentry"],"_links":{"self":[{"href":"https:\/\/moor.intewo.mobi\/index.php?rest_route=\/wp\/v2\/pages\/2106","targetHints":{"allow":["GET"]}}],"collection":[{"href":"https:\/\/moor.intewo.mobi\/index.php?rest_route=\/wp\/v2\/pages"}],"about":[{"href":"https:\/\/moor.intewo.mobi\/index.php?rest_route=\/wp\/v2\/types\/page"}],"author":[{"embeddable":true,"href":"https:\/\/moor.intewo.mobi\/index.php?rest_route=\/wp\/v2\/users\/1"}],"replies":[{"embeddable":true,"href":"https:\/\/moor.intewo.mobi\/index.php?rest_route=%2Fwp%2Fv2%2Fcomments&post=2106"}],"version-history":[{"count":3,"href":"https:\/\/moor.intewo.mobi\/index.php?rest_route=\/wp\/v2\/pages\/2106\/revisions"}],"predecessor-version":[{"id":2234,"href":"https:\/\/moor.intewo.mobi\/index.php?rest_route=\/wp\/v2\/pages\/2106\/revisions\/2234"}],"wp:featuredmedia":[{"embeddable":true,"href":"https:\/\/moor.intewo.mobi\/index.php?rest_route=\/wp\/v2\/media\/2079"}],"wp:attachment":[{"href":"https:\/\/moor.intewo.mobi\/index.php?rest_route=%2Fwp%2Fv2%2Fmedia&parent=2106"}],"curies":[{"name":"wp","href":"https:\/\/api.w.org\/{rel}","templated":true}]}}