{"id":2104,"date":"2014-06-06T16:37:50","date_gmt":"2014-06-06T14:37:50","guid":{"rendered":"https:\/\/moor.intewo.mobi\/?page_id=2104"},"modified":"2019-11-20T18:30:43","modified_gmt":"2019-11-20T17:30:43","slug":"industriegeschichte-2","status":"publish","type":"page","link":"https:\/\/moor.intewo.mobi\/?page_id=2104","title":{"rendered":"Industriegeschichte"},"content":{"rendered":"<p style=\"color: #666666;\">Jenen Bewohnern der Siedlung Moorlage, die damals nicht in landwirtschaftlichem Erwerb als Bauern arbeiteten, ergab sich durch das naheliegende Sperrholzwerk, dass 1926 von den Gebr\u00fcdern Friederich und Otto K\u00fcnnemeyer gegr\u00fcndet wurde, eine weitere Erwerbsquelle.<\/p>\n<p style=\"color: #666666;\">Das Sperrholzwerk, das im Jahr 1956 den Namen \u201eHornitex Werke Gebr. K\u00fcnnemeyer\u201c erhielt, ist f\u00fcr die wirtschaftliche Entwicklung der Stadt Horn-Bad Meinberg von gro\u00dfer Bedeutung. Das Holz aus den umliegenden W\u00e4ldern wird hier verarbeitet.<\/p>\n<p style=\"color: #666666;\">Heute z\u00e4hlt das Sperrholzwerk mit etwa 750 Besch\u00e4ftigten allein in Horn-Bad Meinberg immer noch als gr\u00f6\u00dfter Arbeitgeber am Standort. In fr\u00fcheren Boom-Zeiten fanden bis zu 2.000 Besch\u00e4ftigte hier Arbeit.<\/p>\n<p style=\"color: #666666;\">Der Name \u201eK\u00fcnnemeyer\u201c ist auch heute noch eng mit dem Ort verbunden. Die nahegelegene Gebr\u00fcder K\u00fcnnemeyer Stra\u00dfe zeugt von der Wertsch\u00e4tzung der Stadt f\u00fcr das Br\u00fcderpaar und deren Verdienste f\u00fcr die Stadt.<\/p>\n<p style=\"color: #666666;\">Basierend auf dem Wald- und Holzreichtum ist die M\u00f6belindustrie traditionell eine in der Region weit verbreitete Branche. In vielen Industriegebieten in Ostwestfalen-Lippe sind M\u00f6belhersteller zu finden, die mitunter weltweit operieren.<\/p>\n","protected":false},"excerpt":{"rendered":"<p>Jenen Bewohnern der Siedlung Moorlage, die damals nicht in landwirtschaftlichem Erwerb als Bauern arbeiteten, ergab sich durch das naheliegende Sperrholzwerk, dass 1926 von den Gebr\u00fcdern Friederich und Otto K\u00fcnnemeyer gegr\u00fcndet wurde, eine weitere Erwerbsquelle. Das Sperrholzwerk, das im Jahr 1956 den Namen \u201eHornitex Werke Gebr. K\u00fcnnemeyer\u201c erhielt, ist f\u00fcr die wirtschaftliche Entwicklung der Stadt Horn-Bad &hellip; <\/p>\n<p class=\"link-more\"><a href=\"https:\/\/moor.intewo.mobi\/?page_id=2104\" class=\"more-link\"><span class=\"screen-reader-text\">\u201eIndustriegeschichte\u201c<\/span> weiterlesen<\/a><\/p>\n","protected":false},"author":1,"featured_media":2082,"parent":0,"menu_order":0,"comment_status":"open","ping_status":"open","template":"","meta":{"ngg_post_thumbnail":0,"footnotes":""},"class_list":["post-2104","page","type-page","status-publish","has-post-thumbnail","hentry"],"_links":{"self":[{"href":"https:\/\/moor.intewo.mobi\/index.php?rest_route=\/wp\/v2\/pages\/2104","targetHints":{"allow":["GET"]}}],"collection":[{"href":"https:\/\/moor.intewo.mobi\/index.php?rest_route=\/wp\/v2\/pages"}],"about":[{"href":"https:\/\/moor.intewo.mobi\/index.php?rest_route=\/wp\/v2\/types\/page"}],"author":[{"embeddable":true,"href":"https:\/\/moor.intewo.mobi\/index.php?rest_route=\/wp\/v2\/users\/1"}],"replies":[{"embeddable":true,"href":"https:\/\/moor.intewo.mobi\/index.php?rest_route=%2Fwp%2Fv2%2Fcomments&post=2104"}],"version-history":[{"count":4,"href":"https:\/\/moor.intewo.mobi\/index.php?rest_route=\/wp\/v2\/pages\/2104\/revisions"}],"predecessor-version":[{"id":2241,"href":"https:\/\/moor.intewo.mobi\/index.php?rest_route=\/wp\/v2\/pages\/2104\/revisions\/2241"}],"wp:featuredmedia":[{"embeddable":true,"href":"https:\/\/moor.intewo.mobi\/index.php?rest_route=\/wp\/v2\/media\/2082"}],"wp:attachment":[{"href":"https:\/\/moor.intewo.mobi\/index.php?rest_route=%2Fwp%2Fv2%2Fmedia&parent=2104"}],"curies":[{"name":"wp","href":"https:\/\/api.w.org\/{rel}","templated":true}]}}