{"id":2102,"date":"2014-06-06T16:37:12","date_gmt":"2014-06-06T14:37:12","guid":{"rendered":"https:\/\/moor.intewo.mobi\/?page_id=2102"},"modified":"2019-11-20T18:30:43","modified_gmt":"2019-11-20T17:30:43","slug":"siedlung-moorlage","status":"publish","type":"page","link":"https:\/\/moor.intewo.mobi\/?page_id=2102","title":{"rendered":"Siedlung Moorlage"},"content":{"rendered":"<p style=\"color: #666666;\">Im Norden von Horn wurde hier im Jahr 1939 die Siedlung Moorlage angelegt. Anlass f\u00fcr diese Neugr\u00fcndung war die Aufgabe und Umsiedlung des Sennedorfes Haustenbeck. Durch die notwendig gewordene Erweiterung des Truppen\u00fcbungsplatzes Senne, der sich von Horn aus gesehen auf der s\u00fcdlichen Seite des Teutoburger Waldes befindet, wurde die Aufl\u00f6sung des Dorfes Haustenbeck n\u00f6tig. Es wurde damals beschlossen, f\u00fcr die Einwohner Haustenbecks mit der Siedlung Moorlage eine neue Heimat zu schaffen. Etwa 40 Familien aus der ehemaligen Sennegemeinde siedelten zu Anfang des Zweiten Weltkrieges in das etwa 15 Kilometer entfernte Horn um. Das vom Kreisbauamt Detmold begleitete Umsiedelungsprojekt gestattete den k\u00fcnftigen Bewohnern eine Auswahl aus vier Musterh\u00e4usern, die in einer schachbrettartig angelegten Siedlung gebaut wurden. Zu jedem der Ein- und Zweifamilienh\u00e4user wurden den Bewohnern ausreichende Fl\u00e4chen f\u00fcr den Ackerbau zur Verf\u00fcgung gestellt. Auch eine kleine Viehhaltung war damit f\u00fcr die Moorlager Neub\u00fcrger m\u00f6glich.<\/p>\n<p style=\"color: #666666;\">Im Jahr 1989 feierte die Siedlung Moorlage ihr 50-j\u00e4hriges Bestehen und w\u00fcrdigte die Gr\u00fcndung mit einem Gedenkstein, auch in Erinnerung an die urspr\u00fcngliche Heimat Haustenbeck in der Senne. Zum Jubil\u00e4um waren noch 42 der damals gebauten 44 Siedlungsh\u00e4user in Besitz der damaligen Erbauer, denen die Reichsumsiedlungsgesellschaft zu ihrer Zeit den Hausbau finanziell erm\u00f6glichte.<\/p>\n<p style=\"color: #666666;\">Die Siedlung an der Moorlage tr\u00e4gt ihren Namen aufgrund der N\u00e4he zu dem angrenzenden Moor.<\/p>\n","protected":false},"excerpt":{"rendered":"<p>Im Norden von Horn wurde hier im Jahr 1939 die Siedlung Moorlage angelegt. Anlass f\u00fcr diese Neugr\u00fcndung war die Aufgabe und Umsiedlung des Sennedorfes Haustenbeck. Durch die notwendig gewordene Erweiterung des Truppen\u00fcbungsplatzes Senne, der sich von Horn aus gesehen auf der s\u00fcdlichen Seite des Teutoburger Waldes befindet, wurde die Aufl\u00f6sung des Dorfes Haustenbeck n\u00f6tig. Es &hellip; <\/p>\n<p class=\"link-more\"><a href=\"https:\/\/moor.intewo.mobi\/?page_id=2102\" class=\"more-link\"><span class=\"screen-reader-text\">\u201eSiedlung Moorlage\u201c<\/span> weiterlesen<\/a><\/p>\n","protected":false},"author":1,"featured_media":2080,"parent":0,"menu_order":0,"comment_status":"open","ping_status":"open","template":"","meta":{"ngg_post_thumbnail":0,"footnotes":""},"class_list":["post-2102","page","type-page","status-publish","has-post-thumbnail","hentry"],"_links":{"self":[{"href":"https:\/\/moor.intewo.mobi\/index.php?rest_route=\/wp\/v2\/pages\/2102","targetHints":{"allow":["GET"]}}],"collection":[{"href":"https:\/\/moor.intewo.mobi\/index.php?rest_route=\/wp\/v2\/pages"}],"about":[{"href":"https:\/\/moor.intewo.mobi\/index.php?rest_route=\/wp\/v2\/types\/page"}],"author":[{"embeddable":true,"href":"https:\/\/moor.intewo.mobi\/index.php?rest_route=\/wp\/v2\/users\/1"}],"replies":[{"embeddable":true,"href":"https:\/\/moor.intewo.mobi\/index.php?rest_route=%2Fwp%2Fv2%2Fcomments&post=2102"}],"version-history":[{"count":4,"href":"https:\/\/moor.intewo.mobi\/index.php?rest_route=\/wp\/v2\/pages\/2102\/revisions"}],"predecessor-version":[{"id":2247,"href":"https:\/\/moor.intewo.mobi\/index.php?rest_route=\/wp\/v2\/pages\/2102\/revisions\/2247"}],"wp:featuredmedia":[{"embeddable":true,"href":"https:\/\/moor.intewo.mobi\/index.php?rest_route=\/wp\/v2\/media\/2080"}],"wp:attachment":[{"href":"https:\/\/moor.intewo.mobi\/index.php?rest_route=%2Fwp%2Fv2%2Fmedia&parent=2102"}],"curies":[{"name":"wp","href":"https:\/\/api.w.org\/{rel}","templated":true}]}}