{"id":2098,"date":"2014-06-06T16:36:10","date_gmt":"2014-06-06T14:36:10","guid":{"rendered":"https:\/\/moor.intewo.mobi\/?page_id=2098"},"modified":"2019-11-20T18:30:43","modified_gmt":"2019-11-20T17:30:43","slug":"fliessgewaesser-2","status":"publish","type":"page","link":"https:\/\/moor.intewo.mobi\/?page_id=2098","title":{"rendered":"Flie\u00dfgew\u00e4sser"},"content":{"rendered":"<p>Entlang des Moor-Erlebnispfades ist ein bemerkenswert gro\u00dfer Reichtum an B\u00e4chen und quellnahen Flie\u00dfgew\u00e4ssern zu bestaunen. Alle B\u00e4che flie\u00dfen in Richtung des Talkessels und des Moores. So erkl\u00e4rt sich auch die Entstehung des Moores in diesem st\u00e4ndig mit Wasser versorgten Talkessel.<\/p>\n<p>Der Hauptbach in diesem Gew\u00e4sser-Netz-Verbund ist die Napte, ein naturnaher Bachlauf innerhalb einer strukturreichen, schmalen Bachniederung mit ausgepr\u00e4gten Hecken-Gr\u00fcnlandkomplexen sowie Resten an Feucht- und Magergr\u00fcnland. Die Napte entspringt in Horn-Bad Meinberg Kreuzenstein auf einer H\u00f6he von 215 Metern. Nach rund 11 Kilometern m\u00fcndet die Napte auf einer M\u00fcndungsh\u00f6he von 125 Metern bei W\u00f6bbel in die Emmer. \u00dcber die Emmer und die Weser findet das Napte-Wasser schlie\u00dflich seinen Weg in die Nordsee.<\/p>\n<p>Auf dem Weg hin zur Emmer m\u00fcnden zahlreiche kleinere B\u00e4che in die Napte. Allein hier am Moorstich findet sich ein ganzes Netzwerk an quellnahen B\u00e4chen und Rinnsalen. Einige dieser Gew\u00e4sser wurden durch Menschenhand umgeleitet, w\u00e4hrend andere B\u00e4che noch in ihren urspr\u00fcnglichen Bachl\u00e4ufen flie\u00dfen.<\/p>\n<p>Quellnahe B\u00e4che und Quellb\u00e4che, wie man sie hier findet, sind wesentlich durch das Grundwasser gepr\u00e4gt. Sie unterscheiden sich in ihrem Stoff- und Energiehaushalt von den anschlie\u00dfenden Bachstrecken und besitzen eigene, vom Quelltyp gepr\u00e4gte Lebensgemeinschaften. Naturnahe Quellen sind daher besonders wichtige und schutzbed\u00fcrftige Biotope.<\/p>","protected":false},"excerpt":{"rendered":"<p>Entlang des Moor-Erlebnispfades ist ein bemerkenswert gro\u00dfer Reichtum an B\u00e4chen und quellnahen Flie\u00dfgew\u00e4ssern zu bestaunen. Alle B\u00e4che flie\u00dfen in Richtung des Talkessels und des Moores. So erkl\u00e4rt sich auch die Entstehung des Moores in diesem st\u00e4ndig mit Wasser versorgten Talkessel. Der Hauptbach in diesem Gew\u00e4sser-Netz-Verbund ist die Napte, ein naturnaher Bachlauf innerhalb einer strukturreichen, schmalen &hellip; <\/p>\n<p class=\"link-more\"><a href=\"https:\/\/moor.intewo.mobi\/?page_id=2098\" class=\"more-link\"><span class=\"screen-reader-text\">\u201eFlie\u00dfgew\u00e4sser\u201c<\/span> weiterlesen<\/a><\/p>\n","protected":false},"author":1,"featured_media":2185,"parent":0,"menu_order":0,"comment_status":"open","ping_status":"open","template":"","meta":{"ngg_post_thumbnail":0,"footnotes":""},"class_list":["post-2098","page","type-page","status-publish","has-post-thumbnail","hentry"],"_links":{"self":[{"href":"https:\/\/moor.intewo.mobi\/index.php?rest_route=\/wp\/v2\/pages\/2098","targetHints":{"allow":["GET"]}}],"collection":[{"href":"https:\/\/moor.intewo.mobi\/index.php?rest_route=\/wp\/v2\/pages"}],"about":[{"href":"https:\/\/moor.intewo.mobi\/index.php?rest_route=\/wp\/v2\/types\/page"}],"author":[{"embeddable":true,"href":"https:\/\/moor.intewo.mobi\/index.php?rest_route=\/wp\/v2\/users\/1"}],"replies":[{"embeddable":true,"href":"https:\/\/moor.intewo.mobi\/index.php?rest_route=%2Fwp%2Fv2%2Fcomments&post=2098"}],"version-history":[{"count":5,"href":"https:\/\/moor.intewo.mobi\/index.php?rest_route=\/wp\/v2\/pages\/2098\/revisions"}],"predecessor-version":[{"id":2249,"href":"https:\/\/moor.intewo.mobi\/index.php?rest_route=\/wp\/v2\/pages\/2098\/revisions\/2249"}],"wp:featuredmedia":[{"embeddable":true,"href":"https:\/\/moor.intewo.mobi\/index.php?rest_route=\/wp\/v2\/media\/2185"}],"wp:attachment":[{"href":"https:\/\/moor.intewo.mobi\/index.php?rest_route=%2Fwp%2Fv2%2Fmedia&parent=2098"}],"curies":[{"name":"wp","href":"https:\/\/api.w.org\/{rel}","templated":true}]}}